{"id":108,"date":"2020-02-14T18:46:50","date_gmt":"2020-02-14T15:46:50","guid":{"rendered":"https:\/\/tarik.ege.edu.tr\/?page_id=108"},"modified":"2023-11-06T15:50:10","modified_gmt":"2023-11-06T12:50:10","slug":"108-2","status":"publish","type":"page","link":"https:\/\/yos.ege.edu.tr\/?page_id=108","title":{"rendered":""},"content":{"rendered":"\n<h2 class=\"wp-block-heading\">EGEY\u00d6S TAKV\u0130M\u0130*<\/h2>\n\n\n\n<figure class=\"wp-block-table is-style-stripes\"><table><tbody><tr><td>\n  K\u0131lavuzun Yay\u0131nlanmas\u0131\n  <\/td><td>06 Kas\u0131m 2023 Pazartesi<\/td><\/tr><tr><td>\n  <strong>Ba\u015fvuru Tarihleri<\/strong>\n  <\/td><td><strong>15 Kas\u0131m 2023 \u00c7ar\u015famba \u2013 15 Aral\u0131k 2023 Cuma<\/strong><\/td><\/tr><tr><td>   S\u0131nav Giri\u015f Belgelerinin Eri\u015fime A\u00e7\u0131lmas\u0131   <\/td><td>29 Aral\u0131k 2023 Cuma<\/td><\/tr><tr><td>\n  <strong>S\u0131nav Tarihi<\/strong>\n  <\/td><td><strong>06 Ocak 2024 Cumartesi<\/strong><\/td><\/tr><tr><td>\n  S\u0131nav Sorular\u0131na \u0130tiraz\n  <\/td><td>08 Ocak 2024 Pazartesi &#8211; 10 Ocak 2024 \u00c7ar\u015famba<\/td><\/tr><tr><td>   S\u0131nav Sonu\u00e7lar\u0131n\u0131n \u0130lan\u0131   <\/td><td>19 Ocak 2024 Cuma<\/td><\/tr><tr><td>   S\u0131nav Sonu\u00e7lar\u0131na \u0130tiraz   <\/td><td>22 Ocak 2024 Pazartesi \u2013 25 Ocak 2024 Per\u015fembe<\/td><\/tr><tr><td>   \u0130tiraz Sonucuna Cevap Verilmesi   <\/td><td>05 \u015eubat 2024 Pazartesi<\/td><\/tr><\/tbody><\/table><\/figure>\n\n\n\n<p style=\"color:red\"><em>* Ege \u00dcniversitesi EGEY\u00d6S takviminde de\u011fi\u015fiklik yapma hakk\u0131n\u0131 sakl\u0131 tutar. <\/em><\/p>\n\n\n\n<h2 class=\"wp-block-heading\"><strong>EGEY\u00d6S SINAV YERLER\u0130 VE SAAT\u0130<\/strong>**<\/h2>\n\n\n\n<p><\/p>\n\n\n\n<figure class=\"wp-block-table is-style-stripes\"><table><tbody><tr><td><strong>S\u0131nav Merkezleri<\/strong><\/td><td><strong>Saat Dilimi<\/strong><\/td><td><strong>T\u00fcrkiye ile Saat Fark\u0131<\/strong><\/td><td><strong>Yerel Saatle S\u0131nav Saatleri<\/strong><\/td><\/tr><tr><td>T\u00fcrkiye-\u0130zmir<\/td><td>UTC\/GMT +3.00<\/td><td>&nbsp;0.00<\/td><td>13:00<\/td><\/tr><tr><td>T\u00fcrkiye-\u0130stanbul<\/td><td>UTC\/GMT +3.00<\/td><td>&nbsp;0.00<\/td><td>13:00<\/td><\/tr><tr><td>T\u00fcrkiye-Ankara<\/td><td>UTC\/GMT +3.00<\/td><td>&nbsp;0.00<\/td><td>13:00<\/td><\/tr><tr><td>KKTC-Lefko\u015fa<\/td><td>UTC\/GMT +3.00<\/td><td>0.00<\/td><td>13:00<\/td><\/tr><tr><td>Azerbaycan-Bak\u00fc<\/td><td>UTC\/GMT +4.00<\/td><td>+1.00<\/td><td>14:00<\/td><\/tr><tr><td>Azerbaycan-Gence<\/td><td> UTC\/GMT +4.00 <\/td><td>+1.00 <\/td><td>14:00<\/td><\/tr><tr><td>\u00d6zbekistan<\/td><td> UTC\/GMT +5.00 <\/td><td>+2.00 <\/td><td>15:00<\/td><\/tr><tr><td>Almanya &#8211; M\u00fcnih<\/td><td> UTC\/GMT +1.00 <\/td><td>-2.00 <\/td><td>11:00<\/td><\/tr><tr><td>Bel\u00e7ika<\/td><td> UTC\/GMT +1.00 <\/td><td>-2.00 <\/td><td>11:00<\/td><\/tr><tr><td>Hollanda<\/td><td> UTC\/GMT +1.00 <\/td><td>-2.00 <\/td><td>11:00<\/td><\/tr><\/tbody><\/table><\/figure>\n\n\n\n<p><em>** S\u0131nava ba\u015fvuran aday say\u0131s\u0131n\u0131n 30 ki\u015fiden az olmas\u0131 durumunda s\u0131nav merkezi a\u00e7\u0131lmayacakt\u0131r.<\/em><\/p>\n","protected":false},"excerpt":{"rendered":"<p>EGEY\u00d6S TAKV\u0130M\u0130* K\u0131lavuzun Yay\u0131nlanmas\u0131 06 Kas\u0131m 2023 Pazartesi Ba\u015fvuru Tarihleri 15 Kas\u0131m 2023 \u00c7ar\u015famba \u2013 15 Aral\u0131k 2023 Cuma S\u0131nav Giri\u015f Belgelerinin Eri\u015fime A\u00e7\u0131lmas\u0131 29 Aral\u0131k 2023 Cuma S\u0131nav Tarihi 06 Ocak 2024 Cumartesi S\u0131nav Sorular\u0131na \u0130tiraz 08 Ocak 2024 Pazartesi &#8211; 10 Ocak 2024 \u00c7ar\u015famba S\u0131nav Sonu\u00e7lar\u0131n\u0131n \u0130lan\u0131 19 Ocak 2024 Cuma S\u0131nav Sonu\u00e7lar\u0131na&hellip; <br \/> <a class=\"read-more\" href=\"https:\/\/yos.ege.edu.tr\/?page_id=108\">Devam\u0131<\/a><\/p>\n","protected":false},"author":1,"featured_media":0,"parent":0,"menu_order":0,"comment_status":"closed","ping_status":"closed","template":"","meta":{"footnotes":""},"class_list":["post-108","page","type-page","status-publish","hentry"],"_links":{"self":[{"href":"https:\/\/yos.ege.edu.tr\/index.php?rest_route=\/wp\/v2\/pages\/108","targetHints":{"allow":["GET"]}}],"collection":[{"href":"https:\/\/yos.ege.edu.tr\/index.php?rest_route=\/wp\/v2\/pages"}],"about":[{"href":"https:\/\/yos.ege.edu.tr\/index.php?rest_route=\/wp\/v2\/types\/page"}],"author":[{"embeddable":true,"href":"https:\/\/yos.ege.edu.tr\/index.php?rest_route=\/wp\/v2\/users\/1"}],"replies":[{"embeddable":true,"href":"https:\/\/yos.ege.edu.tr\/index.php?rest_route=%2Fwp%2Fv2%2Fcomments&post=108"}],"version-history":[{"count":23,"href":"https:\/\/yos.ege.edu.tr\/index.php?rest_route=\/wp\/v2\/pages\/108\/revisions"}],"predecessor-version":[{"id":1497,"href":"https:\/\/yos.ege.edu.tr\/index.php?rest_route=\/wp\/v2\/pages\/108\/revisions\/1497"}],"wp:attachment":[{"href":"https:\/\/yos.ege.edu.tr\/index.php?rest_route=%2Fwp%2Fv2%2Fmedia&parent=108"}],"curies":[{"name":"wp","href":"https:\/\/api.w.org\/{rel}","templated":true}]}}