{"id":130,"date":"2020-02-14T19:24:12","date_gmt":"2020-02-14T16:24:12","guid":{"rendered":"https:\/\/tarik.ege.edu.tr\/?page_id=130"},"modified":"2022-05-10T15:34:58","modified_gmt":"2022-05-10T12:34:58","slug":"130-2","status":"publish","type":"page","link":"https:\/\/yos.ege.edu.tr\/?page_id=130","title":{"rendered":""},"content":{"rendered":"\n<h2 class=\"wp-block-heading\">EGEY\u00d6S&#8217;\u00fc Tan\u0131yan \u00dcniversiteler<\/h2>\n\n\n\n<p><strong>ADANA ALPARSLAN T\u00dcRKE\u015e B\u0130L\u0130M VE\nTEKNOLOJ\u0130 \u00dcN\u0130VERS\u0130TES\u0130<\/strong><\/p>\n\n\n\n<p><strong>ADIYAMAN \u00dcN\u0130VERS\u0130TES\u0130<\/strong><\/p>\n\n\n\n<p><strong>AFYON KOCATEPE \u00dcN\u0130VERS\u0130TES\u0130<\/strong><\/p>\n\n\n\n<p><strong>AFYONKARAH\u0130SAR SA\u011eLIK B\u0130L\u0130MLER\u0130 \u00dcN\u0130VERS\u0130TES\u0130<\/strong><\/p>\n\n\n\n<p><strong>A\u011eRI \u0130BRAH\u0130M \u00c7E\u00c7EN \u00dcN\u0130VERS\u0130TES\u0130<\/strong><\/p>\n\n\n\n<p><strong>ALANYA ALAADD\u0130N KEYKUBAT \u00dcN\u0130VERS\u0130TES\u0130<\/strong><\/p>\n\n\n\n<p><strong>AMASYA \u00dcN\u0130VERS\u0130TES\u0130<\/strong><\/p>\n\n\n\n<p><strong>ANKARA B\u0130L\u0130M \u00dcN\u0130VERS\u0130TES\u0130<\/strong><\/p>\n\n\n\n<p><strong>ANKARA MED\u0130POL \u00dcN\u0130VERS\u0130TES\u0130<\/strong><\/p>\n\n\n\n<p><strong>ANKARA M\u00dcZ\u0130K VE G\u00dcZEL SANATLAR\n\u00dcN\u0130VERS\u0130TES\u0130<\/strong><\/p>\n\n\n\n<p><strong>ANKARA YILDIRIM BEYAZIT\n\u00dcN\u0130VERS\u0130TES\u0130<\/strong><\/p>\n\n\n\n<p><strong>ANTALYA AKEV \u00dcN\u0130VERS\u0130TES\u0130<\/strong><\/p>\n\n\n\n<p><strong>ANTALYA B\u0130L\u0130M \u00dcN\u0130VERS\u0130TES\u0130<\/strong><\/p>\n\n\n\n<p><strong>ARDAHAN \u00dcN\u0130VERS\u0130TES\u0130<\/strong><\/p>\n\n\n\n<p><strong>ARTV\u0130N \u00c7ORUH \u00dcN\u0130VERS\u0130TES\u0130<\/strong><\/p>\n\n\n\n<p><strong>ATA\u015eEH\u0130R ADIG\u00dcZEL MESLEK\nY\u00dcKSEKOKULU<\/strong><\/p>\n\n\n\n<p><strong>ATILIM \u00dcN\u0130VERS\u0130TES\u0130<\/strong><\/p>\n\n\n\n<p><strong>AVRASYA \u00dcN\u0130VERS\u0130TES\u0130<\/strong><\/p>\n\n\n\n<p><strong>BALIKES\u0130R \u00dcN\u0130VERS\u0130TES\u0130<\/strong><\/p>\n\n\n\n<p><strong>BARTIN \u00dcN\u0130VERS\u0130TES\u0130<\/strong><\/p>\n\n\n\n<p><strong>BA\u015eKENT \u00dcN\u0130VERS\u0130TES\u0130<\/strong><\/p>\n\n\n\n<p><strong>BATMAN \u00dcN\u0130VERS\u0130TES\u0130<\/strong><\/p>\n\n\n\n<p><strong>BAYBURT \u00dcN\u0130VERS\u0130TES\u0130<\/strong><\/p>\n\n\n\n<p><strong>B\u0130NG\u00d6L \u00dcN\u0130VERS\u0130TES\u0130<\/strong><\/p>\n\n\n\n<p><strong>B\u0130TL\u0130S EREN \u00dcN\u0130VERS\u0130TES\u0130<\/strong><\/p>\n\n\n\n<p><strong>BURDUR MEHMET AK\u0130F ERSOY\n\u00dcN\u0130VERS\u0130TES\u0130<\/strong><\/p>\n\n\n\n<p><strong>BURSA TEKN\u0130K \u00dcN\u0130VERS\u0130TES\u0130<\/strong><\/p>\n\n\n\n<p><strong>\u00c7ANKAYA \u00dcN\u0130VERS\u0130TES\u0130<\/strong><\/p>\n\n\n\n<p><strong>\u00c7ANKIRI KARATEK\u0130N \u00dcN\u0130VERS\u0130TES\u0130<\/strong><\/p>\n\n\n\n<p><strong>DEM\u0130RO\u011eLU B\u0130L\u0130M \u00dcN\u0130VERS\u0130TES\u0130<\/strong><\/p>\n\n\n\n<p><strong>DO\u011eU\u015e \u00dcN\u0130VERS\u0130TES\u0130<\/strong><\/p>\n\n\n\n<p><strong>ERC\u0130YES \u00dcN\u0130VERS\u0130TES\u0130<\/strong><\/p>\n\n\n\n<p><strong>ERZ\u0130NCAN B\u0130NAL\u0130 YILDIRIM\n\u00dcN\u0130VERS\u0130TES\u0130<\/strong><\/p>\n\n\n\n<p><strong>ESK\u0130\u015eEH\u0130R OSMANGAZ\u0130\n\u00dcN\u0130VERS\u0130TES\u0130<\/strong><\/p>\n\n\n\n<p><strong>GEBZE TEKN\u0130K \u00dcN\u0130VERS\u0130TES\u0130<\/strong><\/p>\n\n\n\n<p><strong>G\u0130RESUN \u00dcN\u0130VERS\u0130TES\u0130<\/strong><\/p>\n\n\n\n<p><strong>G\u00dcM\u00dc\u015eHANE \u00dcN\u0130VERS\u0130TES\u0130<\/strong><\/p>\n\n\n\n<p><strong>HAKKAR\u0130 \u00dcN\u0130VERS\u0130TES\u0130<\/strong><\/p>\n\n\n\n<p><strong>HAL\u0130\u00c7 \u00dcN\u0130VERS\u0130TES\u0130<\/strong><\/p>\n\n\n\n<p><strong>HASAN KALYONCU \u00dcN\u0130VERS\u0130TES\u0130<\/strong><\/p>\n\n\n\n<p><strong>HATAY MUSTAFA KEMAL\n\u00dcN\u0130VERS\u0130TES\u0130<\/strong><\/p>\n\n\n\n<p><strong>H\u0130T\u0130T \u00dcN\u0130VERS\u0130TES\u0130<\/strong><\/p>\n\n\n\n<p><strong>I\u011eDIR \u00dcN\u0130VERS\u0130TES\u0130<\/strong><\/p>\n\n\n\n<p><strong>\u0130SKENDERUN TEKN\u0130K \u00dcN\u0130VERS\u0130TES\u0130<\/strong><\/p>\n\n\n\n<p><strong>\u0130STANBUL AREL \u00dcN\u0130VERS\u0130TES\u0130<\/strong><\/p>\n\n\n\n<p><strong>\u0130STANBUL B\u0130LG\u0130 \u00dcN\u0130VERS\u0130TES\u0130<\/strong><\/p>\n\n\n\n<p><strong>\u0130STANBUL K\u00dcLT\u00dcR \u00dcN\u0130VERS\u0130TES\u0130<\/strong><\/p>\n\n\n\n<p><strong>\u0130STANBUL RUMEL\u0130 \u00dcN\u0130VERS\u0130TES\u0130<\/strong><\/p>\n\n\n\n<p><strong>\u0130ZM\u0130R KAVRAM MESLEK Y\u00dcKSEKOKULU<\/strong><\/p>\n\n\n\n<p><strong>KARAB\u00dcK \u00dcN\u0130VERS\u0130TES\u0130<\/strong><\/p>\n\n\n\n<p><strong>KASTAMONU \u00dcN\u0130VERS\u0130TES\u0130<\/strong><\/p>\n\n\n\n<p><strong>KAT\u0130P \u00c7ELEB\u0130 \u00dcN\u0130VERS\u0130TES\u0130<\/strong><\/p>\n\n\n\n<p><strong>K\u0130L\u0130S 7 ARALIK \u00dcN\u0130VERS\u0130TES\u0130<\/strong><\/p>\n\n\n\n<p><strong>KIRIKKALE \u00dcN\u0130VERS\u0130TES\u0130<\/strong><\/p>\n\n\n\n<p><strong>KONYA TEKN\u0130K \u00dcN\u0130VERS\u0130TES\u0130<\/strong><\/p>\n\n\n\n<p><strong>KTO KARATAY \u00dcN\u0130VERS\u0130TES\u0130<\/strong><\/p>\n\n\n\n<p><strong>MALATYA TURGUT \u00d6ZAL \u00dcN\u0130VERS\u0130TES\u0130<\/strong><\/p>\n\n\n\n<p><strong>MARD\u0130N ARTUKLU \u00dcN\u0130VERS\u0130TES\u0130<\/strong><\/p>\n\n\n\n<p><strong>MERS\u0130N \u00dcN\u0130VERS\u0130TES\u0130<\/strong><\/p>\n\n\n\n<p><strong>MUNZUR \u00dcN\u0130VERS\u0130TES\u0130<\/strong><\/p>\n\n\n\n<p><strong>MU\u015e ALPARSLAN \u00dcN\u0130VERS\u0130TES\u0130<\/strong><\/p>\n\n\n\n<p><strong>NECMETT\u0130N ERBAKAN \u00dcN\u0130VERS\u0130TES\u0130<\/strong><\/p>\n\n\n\n<p><strong>NEV\u015eEH\u0130R HACI BEKTA\u015e VEL\u0130\n\u00dcN\u0130VERS\u0130TES\u0130<\/strong><\/p>\n\n\n\n<p><strong>N\u0130\u011eDE \u00d6MER HAL\u0130S DEM\u0130R \u00dcN\u0130VERS\u0130TES\u0130<\/strong><\/p>\n\n\n\n<p><strong>NUH NAC\u0130 YAZGAN DEM\u0130R \u00dcN\u0130VERS\u0130TES\u0130<\/strong><\/p>\n\n\n\n<p><strong>OKAN \u00dcN\u0130VERS\u0130TES\u0130<\/strong><\/p>\n\n\n\n<p><strong>ORDU \u00dcN\u0130VERS\u0130TES\u0130<\/strong><\/p>\n\n\n\n<p><strong>OSMAN\u0130YE KORKUT ATA \u00dcN\u0130VERS\u0130TES\u0130<\/strong><\/p>\n\n\n\n<p><strong>OST\u0130M TEKN\u0130K \u00dcN\u0130VERS\u0130TES\u0130&nbsp; <\/strong><\/p>\n\n\n\n<p><strong>\u00d6ZYE\u011e\u0130N \u00dcN\u0130VERS\u0130TES\u0130<\/strong><\/p>\n\n\n\n<p><strong>P\u0130R\u0130 RE\u0130S \u00dcN\u0130VERS\u0130TES\u0130<\/strong><\/p>\n\n\n\n<p><strong>RECEP TAYY\u0130P ERDO\u011eAN\n\u00dcN\u0130VERS\u0130TES\u0130<\/strong><\/p>\n\n\n\n<p><strong>SA\u011eLIK B\u0130L\u0130MLER\u0130 \u00dcN\u0130VERS\u0130TES\u0130<\/strong><\/p>\n\n\n\n<p><strong>SAKARYA UYGULAMALI B\u0130L\u0130MLER\n\u00dcN\u0130VERS\u0130TES\u0130<\/strong><\/p>\n\n\n\n<p><strong>SEL\u00c7UK \u00dcN\u0130VERS\u0130TES\u0130<\/strong><\/p>\n\n\n\n<p><strong>S\u00dcLEYMAN DEM\u0130REL \u00dcN\u0130VERS\u0130TES\u0130<\/strong><\/p>\n\n\n\n<p><strong>TARSUS \u00dcN\u0130VERS\u0130TES\u0130<\/strong><\/p>\n\n\n\n<p><strong>TOKAT GAZ\u0130OSMANPA\u015eA\n\u00dcN\u0130VERS\u0130TES\u0130<\/strong><\/p>\n\n\n\n<p><strong>TOROS \u00dcN\u0130VERS\u0130TES\u0130<\/strong><\/p>\n\n\n\n<p><strong>T\u00dcRK ALMAN \u00dcN\u0130VERS\u0130TES\u0130<\/strong><\/p>\n\n\n\n<p><strong>T\u00dcRK HAVA KURUMU \u00dcN\u0130VERS\u0130TES\u0130<\/strong><\/p>\n\n\n\n<p><strong>U\u015eAK \u00dcN\u0130VERS\u0130TES\u0130 <\/strong><\/p>\n\n\n\n<p><strong>\u00dcSK\u00dcDAR \u00dcN\u0130VERS\u0130TES\u0130<\/strong><\/p>\n\n\n\n<p><strong>YALOVA \u00dcN\u0130VERS\u0130TES\u0130<\/strong><\/p>\n\n\n\n<p><strong>YOZGAT BOZOK UN\u0130VERS\u0130TES\u0130 <\/strong><\/p>\n\n\n\n<p><strong>Y\u00dcKSEK \u0130HT\u0130SAS \u00dcN\u0130VERS\u0130TES\u0130<\/strong><\/p>\n","protected":false},"excerpt":{"rendered":"<p>EGEY\u00d6S&#8217;\u00fc Tan\u0131yan \u00dcniversiteler ADANA ALPARSLAN T\u00dcRKE\u015e B\u0130L\u0130M VE TEKNOLOJ\u0130 \u00dcN\u0130VERS\u0130TES\u0130 ADIYAMAN \u00dcN\u0130VERS\u0130TES\u0130 AFYON KOCATEPE \u00dcN\u0130VERS\u0130TES\u0130 AFYONKARAH\u0130SAR SA\u011eLIK B\u0130L\u0130MLER\u0130 \u00dcN\u0130VERS\u0130TES\u0130 A\u011eRI \u0130BRAH\u0130M \u00c7E\u00c7EN \u00dcN\u0130VERS\u0130TES\u0130 ALANYA ALAADD\u0130N KEYKUBAT \u00dcN\u0130VERS\u0130TES\u0130 AMASYA \u00dcN\u0130VERS\u0130TES\u0130 ANKARA B\u0130L\u0130M \u00dcN\u0130VERS\u0130TES\u0130 ANKARA MED\u0130POL \u00dcN\u0130VERS\u0130TES\u0130 ANKARA M\u00dcZ\u0130K VE G\u00dcZEL SANATLAR \u00dcN\u0130VERS\u0130TES\u0130 ANKARA YILDIRIM BEYAZIT \u00dcN\u0130VERS\u0130TES\u0130 ANTALYA AKEV \u00dcN\u0130VERS\u0130TES\u0130 ANTALYA B\u0130L\u0130M \u00dcN\u0130VERS\u0130TES\u0130 ARDAHAN \u00dcN\u0130VERS\u0130TES\u0130 ARTV\u0130N \u00c7ORUH&hellip; <br \/> <a class=\"read-more\" href=\"https:\/\/yos.ege.edu.tr\/?page_id=130\">Devam\u0131<\/a><\/p>\n","protected":false},"author":1,"featured_media":0,"parent":0,"menu_order":0,"comment_status":"closed","ping_status":"closed","template":"","meta":{"footnotes":""},"class_list":["post-130","page","type-page","status-publish","hentry"],"_links":{"self":[{"href":"https:\/\/yos.ege.edu.tr\/index.php?rest_route=\/wp\/v2\/pages\/130","targetHints":{"allow":["GET"]}}],"collection":[{"href":"https:\/\/yos.ege.edu.tr\/index.php?rest_route=\/wp\/v2\/pages"}],"about":[{"href":"https:\/\/yos.ege.edu.tr\/index.php?rest_route=\/wp\/v2\/types\/page"}],"author":[{"embeddable":true,"href":"https:\/\/yos.ege.edu.tr\/index.php?rest_route=\/wp\/v2\/users\/1"}],"replies":[{"embeddable":true,"href":"https:\/\/yos.ege.edu.tr\/index.php?rest_route=%2Fwp%2Fv2%2Fcomments&post=130"}],"version-history":[{"count":10,"href":"https:\/\/yos.ege.edu.tr\/index.php?rest_route=\/wp\/v2\/pages\/130\/revisions"}],"predecessor-version":[{"id":1195,"href":"https:\/\/yos.ege.edu.tr\/index.php?rest_route=\/wp\/v2\/pages\/130\/revisions\/1195"}],"wp:attachment":[{"href":"https:\/\/yos.ege.edu.tr\/index.php?rest_route=%2Fwp%2Fv2%2Fmedia&parent=130"}],"curies":[{"name":"wp","href":"https:\/\/api.w.org\/{rel}","templated":true}]}}