{"id":389,"date":"2020-02-18T15:47:55","date_gmt":"2020-02-18T12:47:55","guid":{"rendered":"https:\/\/yos.ege.edu.tr\/?page_id=389"},"modified":"2024-07-08T13:44:54","modified_gmt":"2024-07-08T10:44:54","slug":"389-2","status":"publish","type":"page","link":"https:\/\/yos.ege.edu.tr\/?page_id=389&lang=en","title":{"rendered":"Homepage"},"content":{"rendered":"<div  data-label=\"Cta\" data-id=\"cta--1\" data-export-id=\"cta-blue-section\" data-category=\"cta\" class=\"cta-blue-section content-section content-section-spacing-medium bg-color1 white-text\" id=\"cta-1\"><div  class=\"\"> <div  class=\"row middle-xs\"><div  class=\"col-sm-8 space-bottom-xs\" data-type=\"column\"> <h2  class=\"\">EGEYOS results are accepted by 84 universities\u2026<\/h2> <\/div> <div  class=\"col-sm-4 end-sm\" data-type=\"column\"> <a class=\"button color2\" href=\"https:\/\/ais.ege.edu.tr\" target=\"_self\" data-cp-link=\"1\" rel=\"noopener noreferrer\">APPLY NOW<\/a><\/div> <\/div><\/div> <\/div><div  data-label=\"About\" data-id=\"about--1\" data-export-id=\"about-1\" data-category=\"about\" class=\"about-1 content-section\" id=\"about-1\" style=\"background-color: rgb(255, 255, 255);\"><div  class=\"gridContainer\"> <div  class=\"row text-center\"><div  class=\"section-title-col\" data-type=\"column\">  <h2  class=\"\">EGEY\u00d6S is an admission exam for prospective foreign students who wish to study at Ege University  or other universities in Turkey that accept the results of this exam<\/h2> <p  class=\"lead\">2024 EGEYOS Guide has been published.<\/p><a class=\"button blue\" href=\"https:\/\/yos.ege.edu.tr?page_id=615\" target=\"_self\" data-cp-link=\"1\" rel=\"noopener noreferrer\">QUOTAS FOR FOREIGN STUDENTS<\/a><\/div> <\/div> <div  class=\"row\"> <div  class=\"button-holder space-bottom space-bottom-small\" data-type=\"column\"> <a class=\"button color1\" href=\"https:\/\/ais.ege.edu.tr\" target=\"_self\" data-cp-link=\"1\" rel=\"noopener noreferrer\">APPLY NOW<\/a><\/div> <div  class=\"col-xs bottom-xs flexbox image-group-bottom-3-img space-bottom-xs center-xs\"> <img decoding=\"async\"  class=\"left-img shadow-large-black\" data-size=\"500x300\" src=\"https:\/\/yos.ege.edu.tr\/wp-content\/uploads\/2020\/02\/cropped-4-1.jpg\" alt=\"\" title=\"cropped-4-1.jpg\"> <img decoding=\"async\"  class=\"center-img shadow-large-black\" data-size=\"500x300\" src=\"https:\/\/yos.ege.edu.tr\/wp-content\/uploads\/2020\/02\/cropped-202-2.jpg\" alt=\"\" title=\"cropped-202-2.jpg\"> <img decoding=\"async\"  class=\"right-img shadow-large-black\" data-size=\"500x300\" src=\"https:\/\/yos.ege.edu.tr\/wp-content\/uploads\/2020\/02\/cropped-backlit-clouds-dusk-853168-scaled-2.jpg\" alt=\"\" title=\"cropped-backlit-clouds-dusk-853168-scaled-2.jpg\"><\/div> <\/div><\/div> <\/div><div  data-label=\"Overlappable\" data-id=\"overlappable--1\" data-export-id=\"overlappable-4\" data-category=\"overlappable\" class=\"overlappable-4 content-section content-section-spacing\" data-overlap=\"true\" id=\"overlappable-1\" style=\"background-color: rgb(255, 255, 255);\"><div  class=\"gridContainer\"> <div  data-type=\"row\" class=\"row spaced-cols text-center\"><div  class=\"col-xs-12 col-sm-4 col-padding\"> <a data-cp-link=\"1\" href=\"https:\/\/yos.ege.edu.tr?page_id=458\" target=\"_self\" rel=\"noopener noreferrer\" class=\"\"><i  class=\"fa icon shadow-large-black aligncenter color1 fa-book reverse round large\"><\/i><\/a> <div  data-type=\"column\" class=\"\">  <a class=\"button blue\" href=\"https:\/\/yos.ege.edu.tr?page_id=458\" target=\"_self\" data-cp-link=\"1\" rel=\"noopener noreferrer\">EGEYOS Guideline<\/a><\/div> <\/div>  <div  class=\"col-xs-12 col-sm-4 col-padding\"> <a data-cp-link=\"1\" href=\"https:\/\/yos.ege.edu.tr?page_id=365&amp;lang=en\" target=\"_self\" rel=\"noopener noreferrer\"><i  class=\"fa icon shadow-large-black aligncenter color1 fa-align-justify reverse round large\"><\/i><\/a> <div  data-type=\"column\" class=\"\">  <a class=\"button blue\" href=\"https:\/\/yos.ege.edu.tr?page_id=365&amp;lang=en\" target=\"_self\" data-cp-link=\"1\" rel=\"noopener noreferrer\">About EGEYOS<\/a><\/div> <\/div><div  class=\"col-xs-12 col-sm-4 col-padding\"> <a data-cp-link=\"1\" href=\"https:\/\/yos.ege.edu.tr?page_id=441&amp;lang=en\" target=\"_self\" rel=\"noopener noreferrer\" class=\"\"><i  class=\"fa icon shadow-large-black aligncenter color1 fa-comments-o reverse round large\"><\/i><\/a> <div  data-type=\"column\" class=\"\">  <a class=\"button blue\" href=\"https:\/\/yos.ege.edu.tr?page_id=441&amp;lang=en\" target=\"_self\" data-cp-link=\"1\" rel=\"noopener noreferrer\">Announcement<\/a><\/div> <\/div><div  class=\"col-xs-12 col-sm-4 col-padding\"> <a data-cp-link=\"1\" href=\"https:\/\/yos.ege.edu.tr?page_id=444&amp;lang=en\" target=\"_self\" rel=\"noopener noreferrer\" class=\"\"><i  class=\"fa icon shadow-large-black aligncenter color1 fa-area-chart reverse round large\"><\/i><\/a> <div  data-type=\"column\" class=\"\">  <a class=\"button blue\" href=\"https:\/\/yos.ege.edu.tr?page_id=444&amp;lang=en\" target=\"_self\" data-cp-link=\"1\" rel=\"noopener noreferrer\">EGEYOS Statistics<\/a><\/div> <\/div><div  class=\"col-xs-12 col-sm-4 col-padding\"> <a data-cp-link=\"1\" href=\"https:\/\/ais.ege.edu.tr\" target=\"_self\" rel=\"noopener noreferrer\" class=\"\"><i  class=\"fa icon shadow-large-black aligncenter color1 fa-address-card-o reverse round large\"><\/i><\/a> <div  data-type=\"column\" class=\"\">  <a class=\"button blue\" href=\"https:\/\/ais.ege.edu.tr\" target=\"_self\" data-cp-link=\"1\" rel=\"noopener noreferrer\">EGEYOS 2024 Results<\/a><\/div> <\/div><div  class=\"col-xs-12 col-sm-4 col-padding\"> <a data-cp-link=\"1\" href=\"https:\/\/yos.ege.edu.tr?page_id=438&amp;lang=en\" target=\"_self\" rel=\"noopener noreferrer\" class=\"\"><i  class=\"fa icon shadow-large-black aligncenter color1 fa-question-circle-o reverse round large\"><\/i><\/a> <div  data-type=\"column\" class=\"\">  <a class=\"button blue\" href=\"https:\/\/yos.ege.edu.tr?page_id=438&amp;lang=en\" target=\"_self\" data-cp-link=\"1\" rel=\"noopener noreferrer\">FAQ<\/a><\/div> <\/div><\/div> <\/div><\/div><div  data-label=\"Features\" data-id=\"features--1\" data-export-id=\"features-12\" data-category=\"features\" class=\"features-12 content-section content-section-spacing \" id=\"features-1\" style=\"background-color: rgb(245, 250, 253);\"><div  class=\"gridContainer\"> <div  class=\"row text-center\"><div  class=\"section-title-col\" data-type=\"column\"> <h2  class=\"\">Universities in Turkey that accept the results of EGEYOS<\/h2> <\/div> <\/div> <div  class=\"row spaced-cols\" data-type=\"row\"> <div  class=\"col-sm-6\"> <div  class=\"row space-bottom\"> <div  class=\"col-sm-fit icon-column\"> <i  class=\"fa icon color2 fa-building-o bordered round\"><\/i> <\/div> <div  class=\"col-sm\" data-type=\"column\">  <p  class=\"\">ADANA ALPARSLAN T\u00dcRKE\u015e B\u0130L\u0130M VE TEKNOLOJ\u0130 UNIVERSITY<br >ADIYAMAN UNIVERSITY<br >AFYON KOCATEPE UNIVERSITY<br >AFYONKARAH\u0130SAR SA\u011eLIK B\u0130L\u0130MLER\u0130 UNIVERSITY<br >A\u011eRI \u0130BRAH\u0130M \u00c7E\u00c7EN UNIVERSITY<br >ALANYA ALAADD\u0130N KEYKUBAT UNIVERSITY<br >AMASYA UNIVERSITY<br >ANKARA B\u0130L\u0130M UNIVERSITY<br >ANKARA MED\u0130POL UNIVERSITY<br >ANKARA M\u00dcZ\u0130K VE G\u00dcZEL SANATLAR UNIVERSITY<br >ANKARA YILDIRIM BEYAZIT UNIVERSITY<br >ANTALYA AKEV UNIVERSITY<br >ANTALYA B\u0130L\u0130M UNIVERSITY<br >ARDAHAN UNIVERSITY<br >ARTV\u0130N \u00c7ORUH UNIVERSITY<br >ATA\u015eEH\u0130R ADIG\u00dcZEL VOCATIONAL SCHOOL<br >ATILIM UNIVERSITY<br >AVRASYA UNIVERSITY<br >BALIKES\u0130R UNIVERSITY<br >BARTIN UNIVERSITY<br >BA\u015eKENT UNIVERSITY<br >BATMAN UNIVERSITY<br >BAYBURT UNIVERSITY<br >B\u0130NG\u00d6L UNIVERSITY<br >B\u0130TL\u0130S EREN UNIVERSITY<br >BURDUR MEHMET AK\u0130F ERSOY UNIVERSITY<br >BURSA TEKN\u0130K UNIVERSITY<br >\u00c7ANKAYA UNIVERSITY<br >\u00c7ANKIRI KARATEK\u0130N UNIVERSITY<br >DEM\u0130RO\u011eLU B\u0130L\u0130M UNIVERSITY<br >DO\u011eU\u015e UNIVERSITY<br >ERC\u0130YES UNIVERSITY<br >ERZ\u0130NCAN B\u0130NAL\u0130 YILDIRIM UNIVERSITY<br >ESK\u0130\u015eEH\u0130R OSMANGAZ\u0130 UNIVERSITY<br >GEBZE TEKN\u0130K UNIVERSITY<br >G\u0130RESUN UNIVERSITY<br >G\u00dcM\u00dc\u015eHANE UNIVERSITY<br >HAKKAR\u0130 UNIVERSITY<br >HAL\u0130\u00c7 UNIVERSITY<br >HASAN KALYONCU UNIVERSITY<br >HATAY MUSTAFA KEMAL UNIVERSITY\n<br >H\u0130T\u0130T UNIVERSITY<\/p><\/div> <\/div><\/div> <div  class=\"col-sm-6\"><div  class=\"row space-bottom\"> <div  class=\"col-sm-fit icon-column\"><i  class=\"fa icon color2 fa-building bordered round\"><\/i><\/div> <div  class=\"col-sm\" data-type=\"column\"> <p  class=\"\">I\u011eDIR UNIVERSITY<br >\u0130SKENDERUN TEKN\u0130K UNIVERSITY<br >\u0130STANBUL AREL UNIVERSITY<br >\u0130STANBUL B\u0130LG\u0130 UNIVERSITY<br >\u0130STANBUL K\u00dcLT\u00dcR UNIVERSITY<br >\u0130ZM\u0130R KAVRAM MESLEK Y\u00dcKSEKOKULU<br >KARAB\u00dcK UNIVERSITY<br >KASTAMONU UNIVERSITY<br >KAT\u0130P \u00c7ELEB\u0130 UNIVERSITY<br >K\u0130L\u0130S 7 ARALIK UNIVERSITY<br >KIRIKKALE UNIVERSITY<br >KONYA TEKN\u0130K UNIVERSITY<br >KTO KARATAY UNIVERSITY<br >MALATYA TURGUT \u00d6ZAL UNIVERSITY<br >MARD\u0130N ARTUKLU UNIVERSITY<br >MERS\u0130N UNIVERSITY<br >MUNZUR UNIVERSITY<br >MU\u015e ALPARSLAN UNIVERSITY<br >NECMETT\u0130N ERBAKAN UNIVERSITY<br >NEV\u015eEH\u0130R HACI BEKTA\u015e VEL\u0130 UNIVERSITY<br >N\u0130\u011eDE \u00d6MER HAL\u0130SDEM\u0130R UNIVERSITY<br >NUH NAC\u0130 YAZGAN UNIVERSITY<br >OKAN UNIVERSITY<br >ORDU UNIVERSITY<br >OSMAN\u0130YE KORKUT ATA UNIVERSITY<br >OST\u0130M TEKN\u0130K UNIVERSITY<br >\u00d6ZYE\u011e\u0130N UNIVERSITY<br >P\u0130R\u0130 RE\u0130S UNIVERSITY<br >RECEP TAYY\u0130P ERDO\u011eAN UNIVERSITY<br >SA\u011eLIK B\u0130L\u0130MLER\u0130 UNIVERSITY<br >SAKARYA UYGULAMALI B\u0130L\u0130MLER UNIVERSITY\n<br >SAMSUN UNIVERSITY<br >SEL\u00c7UK UNIVERSITY<br >S\u00dcLEYMAN DEM\u0130REL UNIVERSITY<br >TARSUS UNIVERSITY<br >TOKAT GAZ\u0130OSMANPA\u015eA UNIVERSITY<br >TOROS UNIVERSITY<br >T\u00dcRK ALMAN UNIVERSITY<br >T\u00dcRK HAVA KURUMU UNIVERSITY<br >U\u015eAK UNIVERSITY<br >\u00dcSK\u00dcDAR UNIVERSITY<br >YALOVA UNIVERSITY<br >Y\u00dcKSEK \u0130HT\u0130SAS UNIVERSITY<\/p><\/div> <\/div><\/div>   <\/div><\/div> <\/div><div  data-label=\"Content\" data-id=\"content--2\" data-export-id=\"content-3\" data-category=\"content\" class=\"content-3 content-section content-section-spacing\" id=\"content-2\" style=\"background-color: rgb(245, 250, 253);\"><div > <div  class=\"row middle-xs\"><div  class=\"col-sm-7 full-col-left-padding full-col-right-padding\"> <div  class=\"row\"><div  data-type=\"column\" class=\"space-bottom-small content-title-col\">  <h2  class=\"\">Contact Info<\/h2> <\/div> <\/div> <div  class=\"row spaced-cols\" data-type=\"row\"> <div  class=\"col-xs-6\" data-type=\"column\"> <h5  class=\"\">Ege \u00dcniversity Web Page<\/h5> <a class=\"link\" href=\"http:\/\/ege.edu.tr\" target=\"_self\" data-cp-link=\"1\" rel=\"noopener noreferrer\">Web Page<\/a><\/div> <div  class=\"col-xs-6\" data-type=\"column\"><h5  class=\"\">Measurement and Evaluation Application and Research Center<\/h5> <a class=\"link\" href=\"http:\/\/odem.ege.edu.tr\" target=\"_self\" data-cp-link=\"1\" rel=\"noopener noreferrer\">ODEM Web Page<\/a><\/div> <div  class=\"col-xs-6\" data-type=\"column\"><h5  class=\"\">EGEYOS Web Page<\/h5> <a class=\"link\" href=\"https:\/\/yos.ege.edu.tr\" target=\"_self\" data-cp-link=\"1\" rel=\"noopener noreferrer\">EGEYOS Web Page<\/a><\/div> <div  class=\"col-xs-6\" data-type=\"column\"><h5  class=\"\">EGEYOS ONLINE<\/h5> <a class=\"link\" href=\"https:\/\/ais.ege.edu.tr\" target=\"_self\" data-cp-link=\"1\" rel=\"noopener noreferrer\">Online Application System<\/a><\/div> <div  class=\"col-xs-6\" data-type=\"column\"> <h5  class=\"\">Adress<\/h5> <p  class=\"\">\u00d6l\u00e7me ve De\u011ferlendirme Uygulama ve Ara\u015ft\u0131rma Merkez M\u00fcd\u00fcrl\u00fc\u011f\u00fc: Ege \u00dcniversitesi Kamp\u00fcs\u00fc E\u011fitim Fak\u00fcltesi 3. Kat Bornova-\u0130zmir<\/p><\/div><div  class=\"col-xs-6\" data-type=\"column\"> <h5  class=\"\">e-mail<\/h5> <p  class=\"\">odm@mail.ege.edu.tr<\/p><\/div><div  class=\"col-xs-6\" data-type=\"column\"> <h5  class=\"\">Social Media<\/h5> <p  class=\"\">Facebook:  eu.odem.7<br >Instagram: eu_odem<br >twitter: @eu_odem<\/p><\/div><\/div><\/div> <div  class=\"col-sm-5 bg-image shadow-large-black revert-classes-holder\" data-bg=\"image\" style=\"background-image: url(&quot;https:\/\/yos.ege.edu.tr\/wp-content\/uploads\/2020\/02\/cropped-ileti\u015fim-banner-4.png&quot;);\"><\/div><\/div> <\/div><\/div><div  data-label=\"Features\" data-id=\"features--2\" data-export-id=\"features-12-card-bordered\" data-category=\"features\" class=\"features-12-card-bordered content-section content-section-spacing \" id=\"features-2\" style=\"background-color: rgb(255, 255, 255);\"><div  class=\"gridContainer\"> <div  class=\"row text-center\"><div  class=\"section-title-col\" data-type=\"column\"> <h2  class=\"\">Exam Centers<\/h2> <p  class=\"lead\">EGEYOS 2020 will be held in a total of 5 centers.<\/p><\/div> <\/div> <div  class=\"row spaced-cols\" data-type=\"row\"> <div  class=\"col-sm-6\"> <div  class=\"card row-card bordered y-move\"> <div  class=\"row\"> <div  class=\"col-sm-fit icon-column\"> <i  class=\"fa icon color2 fa-location-arrow bordered round\"><\/i> <\/div> <div  class=\"col-sm\" data-type=\"column\"> <h5  class=\"color2\">\u0130ZM\u0130R<\/h5> <p  class=\"\">Ege University<\/p><a  data-cp-link=\"1\" href=\"#\" class=\"\"><img decoding=\"async\"  class=\"custom-image\" src=\"https:\/\/yos.ege.edu.tr\/wp-content\/uploads\/2020\/02\/cropped-ege-1.jpg\" alt=\"\" title=\"cropped-ege-1.jpg\"><\/a><\/div> <\/div><\/div> <\/div> <div  class=\"col-sm-6\"> <div  class=\"card row-card bordered y-move\"> <div  class=\"row\"> <div  class=\"col-sm-fit icon-column\"> <i  class=\"fa icon color2 fa-location-arrow reverse round\"><\/i> <\/div> <div  class=\"col-sm\" data-type=\"column\"> <h5  class=\"color2\">ANKARA<\/h5> <p  class=\"\">Hac\u0131 Bayram Veli University \u2013 Fac. of Economics and Adm. Sci.<\/p><a data-cp-link=\"1\" href=\"https:\/\/www.google.com\/maps\/place\/Ankara+Hac\u0131+Bayram+Veli+\u00dcniversitesi+\u0130ktisadi+ve+\u0130dari+Bilimler+Fak\u00fcltesi\/@39.9341828,32.814216,14.25z\/data=!4m14!1m7!3m6!1s0x14d34edc2b2cabe9:0xd815a55084299211!2sAnkara+Hac\u0131+Bayram+Veli+\u00dcniversitesi+\u0130ktisadi+ve+\u0130dari+Bilimler+Fak\u00fcltesi!8m2!3d39.9344087!4d32.8275426!16s%2Fg%2F121_jrzh!3m5!1s0x14d34edc2b2cabe9:0xd815a55084299211!8m2!3d39.9344087!4d32.8275426!16s%2Fg%2F121_jrzh?entry=ttu\" class=\"\" target=\"_blank\" rel=\"noopener\"><img decoding=\"async\"  class=\"custom-image\" src=\"https:\/\/yos.ege.edu.tr\/wp-content\/uploads\/2023\/11\/cropped-hbviibf-1.png\" alt=\"\" title=\"cropped-hbv.png\"><\/a><\/div> <\/div><\/div> <\/div> <div  class=\"col-sm-6\"> <div  class=\"card row-card bordered y-move\"> <div  class=\"row\"> <div  class=\"col-sm-fit icon-column\"> <i  class=\"fa icon color2 fa-location-arrow reverse round\"><\/i> <\/div> <div  class=\"col-sm\" data-type=\"column\"> <h5  class=\"color2\">ISTANBUL<\/h5> <p  class=\"\">Mimar Sinan Fine Arts University \u2013 Bomonti Campus<\/p><a data-cp-link=\"1\" href=\"https:\/\/www.google.com\/maps\/place\/Mimar+Sinan+G\u00fczel+Sanatlar+\u00dcniversitesi+Bomonti+Yerle\u015fkesi\/@41.0576687,28.9790796,18.83z\/data=!4m14!1m7!3m6!1s0x14cab7176cb3ac1f:0xdd3bbc360e8c023f!2sMimar+Sinan+G\u00fczel+Sanatlar+\u00dcniversitesi+Bomonti+Yerle\u015fkesi!8m2!3d41.0577921!4d28.9801296!16s%2Fg%2F11g9jj7yvs!3m5!1s0x14cab7176cb3ac1f:0xdd3bbc360e8c023f!8m2!3d41.0577921!4d28.9801296!16s%2Fg%2F11g9jj7yvs\" class=\"\" target=\"_blank\" rel=\"noopener\"><img decoding=\"async\"  class=\"custom-image\" src=\"https:\/\/yos.ege.edu.tr\/wp-content\/uploads\/2020\/07\/cropped-cropped-mimarsinan-1-1.jpg\" alt=\"\" title=\"cropped-cropped-mimarsinan-1-1.jpg\"><\/a><\/div> <\/div><\/div> <\/div> <div  class=\"col-sm-6\"> <div  class=\"card row-card bordered y-move\"> <div  class=\"row\"> <div  class=\"col-sm-fit icon-column\"> <i  class=\"fa icon color2 fa-location-arrow reverse round\"><\/i> <\/div> <div  class=\"col-sm\" data-type=\"column\"> <h5  class=\"color2\">AZERBAIJAN \u2013 BAKU\n<\/h5> <p  class=\"\">Turkish Anatolian High School<\/p><a data-cp-link=\"1\" href=\"https:\/\/www.google.com\/maps\/place\/Bak\u00fc+T\u00fcrk+Anadolu+Lisesi\/@40.3750023,49.8179456,14.25z\/data=!4m6!3m5!1s0x40307da276e9b68f:0x934ed5af6be62398!8m2!3d40.3809658!4d49.8341658!16s%2Fg%2F1tcwpmlw\" class=\"\" target=\"_blank\" rel=\"noopener\"><img decoding=\"async\"  class=\"custom-image\" src=\"https:\/\/yos.ege.edu.tr\/wp-content\/uploads\/2023\/05\/cropped-baku-turk-anadolu-1.png\" alt=\"\" title=\"cropped-baku-1-1.png\"><\/a><\/div> <\/div><\/div> <\/div><div  class=\"col-sm-6\"> <div  class=\"card row-card bordered y-move\"> <div  class=\"row\"> <div  class=\"col-sm-fit icon-column\"> <i  class=\"fa icon color2 fa-location-arrow bordered round\"><\/i> <\/div> <div  class=\"col-sm\" data-type=\"column\"> <h5  class=\"color2\">AZERBAIJAN \u2013 Ganja<\/h5> <p  class=\"\">Azerbaijan State Agricultural University<\/p><a data-cp-link=\"1\" href=\"https:\/\/www.google.com\/maps\/place\/Az%C9%99rbaycan+D%C3%B6vl%C9%99t+Aqrar+Universiteti+M%C3%BCh%C9%99ndislik+Fak%C3%BClt%C9%99si\/@40.6729841,46.3329694,14z\/data=!4m6!3m5!1s0x403f5101f8d47c97:0x679691f91b3b5a61!8m2!3d40.669521!4d46.3460407!16s%2Fg%2F1tsjc49d?hl=az&amp;entry=ttu\" class=\"\" target=\"_self\" rel=\"noopener\"><img decoding=\"async\"  class=\"custom-image\" src=\"https:\/\/yos.ege.edu.tr\/wp-content\/uploads\/2023\/11\/cropped-gence-2.png\" alt=\"\" title=\"cropped-ege-1.jpg\"><\/a><\/div> <\/div><\/div> <\/div><div  class=\"col-sm-6\"> <div  class=\"card row-card bordered y-move\"> <div  class=\"row\"> <div  class=\"col-sm-fit icon-column\"> <i  class=\"fa icon color2 fa-location-arrow bordered round\"><\/i> <\/div> <div  class=\"col-sm\" data-type=\"column\"> <h5  class=\"color2\">TURKISH REPUBLIC of NORTHERN CYPRUS \u2013 Nicosia<\/h5> <p  class=\"\">20 Temmuz Science High School<\/p><a data-cp-link=\"1\" href=\"https:\/\/www.google.com\/maps\/place\/20+Temmuz+High+School\/@35.1782004,33.346006,14z\/data=!4m14!1m7!3m6!1s0x14de17378ab0c3df:0xc7b44b47d45b2b92!2s20+Temmuz+High+School!8m2!3d35.1840694!4d33.3600119!16s%2Fg%2F121k3nb1!3m5!1s0x14de17378ab0c3df:0xc7b44b47d45b2b92!8m2!3d35.1840694!4d33.3600119!16s%2Fg%2F121k3nb1?entry=ttu\" class=\"\" target=\"_self\" rel=\"noopener\"><img decoding=\"async\"  class=\"custom-image\" src=\"https:\/\/yos.ege.edu.tr\/wp-content\/uploads\/2023\/11\/cropped-kibris-1.png\" alt=\"\" title=\"cropped-ege-1.jpg\"><\/a><\/div> <\/div><\/div> <\/div><div  class=\"col-sm-6\"> <div  class=\"card row-card bordered y-move\"> <div  class=\"row\"> <div  class=\"col-sm-fit icon-column\"> <i  class=\"fa icon color2 fa-location-arrow bordered round\"><\/i> <\/div> <div  class=\"col-sm\" data-type=\"column\"> <h5  class=\"color2\">UZBEKISTAN \u2013 Tashkent<\/h5> <p  class=\"\">Tashkent State Transport University<\/p><a data-cp-link=\"1\" href=\"https:\/\/www.google.com\/maps\/place\/Tashkent+State+Transport+University\/@41.272709,69.2695256,14z\/data=!4m14!1m7!3m6!1s0x38ae8aac316ee659:0xc5be678c10cbba9b!2sTashkent+State+Transport+University!8m2!3d41.2772419!4d69.2820477!16s%2Fm%2F0gvspcj!3m5!1s0x38ae8aac316ee659:0xc5be678c10cbba9b!8m2!3d41.2772419!4d69.2820477!16s%2Fm%2F0gvspcj?entry=ttu\" class=\"\" target=\"_self\" rel=\"noopener\"><img decoding=\"async\"  class=\"custom-image\" src=\"https:\/\/yos.ege.edu.tr\/wp-content\/uploads\/2023\/11\/cropped-tashkent-1.png\" alt=\"\" title=\"cropped-ege-1.jpg\"><\/a><\/div> <\/div><\/div> <\/div><div  class=\"col-sm-6\"> <div  class=\"card row-card bordered y-move\"> <div  class=\"row\"> <div  class=\"col-sm-fit icon-column\"> <i  class=\"fa icon color2 fa-location-arrow bordered round\"><\/i> <\/div> <div  class=\"col-sm\" data-type=\"column\"> <h5  class=\"color2\">Belgium \u2013 Hensies<\/h5> <p  class=\"\">Isia Asbl Institut Avicenne<\/p><a data-cp-link=\"1\" href=\"https:\/\/www.google.com\/maps\/place\/Isia+Asbl+Institut+Avicenne\/@50.4557922,3.6442058,13z\/data=!4m14!1m7!3m6!1s0x47c2f9f911b6d9ad:0x749484d2edb9c0ad!2sIsia+Asbl+Institut+Avicenne!8m2!3d50.451112!4d3.6838156!16s%2Fg%2F1tmxvrj8!3m5!1s0x47c2f9f911b6d9ad:0x749484d2edb9c0ad!8m2!3d50.451112!4d3.6838156!16s%2Fg%2F1tmxvrj8?entry=ttu\" class=\"\" target=\"_self\" rel=\"noopener\"><img decoding=\"async\"  class=\"custom-image\" src=\"https:\/\/yos.ege.edu.tr\/wp-content\/uploads\/2023\/11\/cropped-belcika-1.png\" alt=\"\" title=\"cropped-ege-1.jpg\"><\/a><\/div> <\/div><\/div> <\/div><\/div> <\/div><\/div><div  data-label=\"Features\" data-id=\"features--3\" data-export-id=\"features-13-card-bordered\" data-category=\"features\" class=\"features-13 content-section content-section-spacing\" id=\"features-3\" style=\"background-color: rgb(245, 250, 253);\"><div  class=\"gridContainer\"> <div  class=\"row text-center\"><div  class=\"section-title-col\" data-type=\"column\"> <h2  class=\"\">Related Web Pages<\/h2> <\/div> <\/div> <div  class=\"row spaced-cols content-center-sm\" data-type=\"row\"> <div  class=\"col-sm-4\"> <div  class=\"card bordered y-move\" data-type=\"column\"> <i  class=\"fa icon color1 fa-university reverse round big\"><\/i> <h4  class=\"\">Ege University<\/h4>  <a class=\"button small y-move color2\" href=\"http:\/\/www.ege.edu.tr\" target=\"_blank\" data-cp-link=\"1\" rel=\"noopener noreferrer\">WEB PAGE<\/a><\/div> <\/div> <div  class=\"col-sm-4\"> <div  class=\"card bordered y-move\" data-type=\"column\"> <i  class=\"fa icon color1 fa-industry reverse round big\"><\/i> <h4  class=\"\">Measurement and Evaluation Application and Research Center<\/h4>  <a class=\"button small y-move color2\" href=\"http:\/\/odem.ege.edu.tr\" target=\"_blank\" data-cp-link=\"1\" rel=\"noopener noreferrer\">WEB PAGE<\/a><\/div> <\/div> <div  class=\"col-sm-4\"> <div  class=\"card bordered y-move\" data-type=\"column\"> <i  class=\"fa icon fa-codepen big round reverse color1\"><\/i> <h4  class=\"\">EGEYOS ONLINE<\/h4>  <a class=\"button small y-move color2\" href=\"https:\/\/ais.ege.edu.tr\" target=\"_self\" data-cp-link=\"1\" rel=\"noopener noreferrer\">WEB PAGE<\/a><\/div> <\/div><\/div> <\/div><\/div>","protected":false},"excerpt":{"rendered":"<p>EGEYOS results are accepted by 84 universities\u2026 APPLY NOW EGEY\u00d6S is an admission exam for prospective foreign students who wish to study at Ege University or other universities in Turkey that accept the results of this exam 2024 EGEYOS Guide has been published.QUOTAS FOR FOREIGN STUDENTS APPLY NOW EGEYOS Guideline About EGEYOS Announcement EGEYOS Statistics&hellip; <br \/> <a class=\"read-more\" href=\"https:\/\/yos.ege.edu.tr\/?page_id=389&#038;lang=en\">Devam\u0131<\/a><\/p>\n","protected":false},"author":1,"featured_media":0,"parent":0,"menu_order":0,"comment_status":"closed","ping_status":"closed","template":"page-templates\/homepage.php","meta":{"footnotes":""},"class_list":["post-389","page","type-page","status-publish","hentry"],"_links":{"self":[{"href":"https:\/\/yos.ege.edu.tr\/index.php?rest_route=\/wp\/v2\/pages\/389","targetHints":{"allow":["GET"]}}],"collection":[{"href":"https:\/\/yos.ege.edu.tr\/index.php?rest_route=\/wp\/v2\/pages"}],"about":[{"href":"https:\/\/yos.ege.edu.tr\/index.php?rest_route=\/wp\/v2\/types\/page"}],"author":[{"embeddable":true,"href":"https:\/\/yos.ege.edu.tr\/index.php?rest_route=\/wp\/v2\/users\/1"}],"replies":[{"embeddable":true,"href":"https:\/\/yos.ege.edu.tr\/index.php?rest_route=%2Fwp%2Fv2%2Fcomments&post=389"}],"version-history":[{"count":78,"href":"https:\/\/yos.ege.edu.tr\/index.php?rest_route=\/wp\/v2\/pages\/389\/revisions"}],"predecessor-version":[{"id":1610,"href":"https:\/\/yos.ege.edu.tr\/index.php?rest_route=\/wp\/v2\/pages\/389\/revisions\/1610"}],"wp:attachment":[{"href":"https:\/\/yos.ege.edu.tr\/index.php?rest_route=%2Fwp%2Fv2%2Fmedia&parent=389"}],"curies":[{"name":"wp","href":"https:\/\/api.w.org\/{rel}","templated":true}]}}