{"id":447,"date":"2020-02-18T16:53:53","date_gmt":"2020-02-18T13:53:53","guid":{"rendered":"https:\/\/yos.ege.edu.tr\/?page_id=447"},"modified":"2022-05-10T15:14:51","modified_gmt":"2022-05-10T12:14:51","slug":"447-2","status":"publish","type":"page","link":"https:\/\/yos.ege.edu.tr\/?page_id=447&lang=en","title":{"rendered":""},"content":{"rendered":"<p><!--StartFragment--><\/p>\n\n\n<h2 class=\"wp-block-heading\">Universities in Turkey that accept the results of EGEYOS<\/h2>\n\n\n<p><!--EndFragment--><\/p>\n<p><strong>ADANA ALPARSLAN T\u00dcRKE\u015e SCIENCE AND TECHNOLOGY UNIVERSITY<\/strong><\/p>\n<p><strong>ADIYAMAN UNIVERSITY<\/strong><\/p>\n<p><strong>AFYON KOCATEPE UNIVERSITY<\/strong><\/p>\n<p><strong>A\u011eRI \u0130BRAH\u0130M \u00c7E\u00c7EN UNIVERSITY<\/strong><\/p>\n<p><strong>AMASYA UNIVERSITY<\/strong><\/p>\n<p><strong>ANKARA MUSIC AND FINE ARTS UNIVERSITY<\/strong><\/p>\n<p><strong>ANKARA YILDIRIM BEYAZIT UNIVERSITY<\/strong><\/p>\n<p><strong>ANTALYA AKEV UNIVERSITY<\/strong><\/p>\n<p><strong>ANTALYA B\u0130L\u0130M UNIVERSITY<\/strong><\/p>\n<p><strong>ARDAHAN UNIVERSITY<\/strong><\/p>\n<p><strong>ARTV\u0130N \u00c7ORUH UNIVERSITY<\/strong><\/p>\n<p><strong>ATA\u015eEH\u0130R ADIG\u00dcZEL VOCATIONAL SCHOOL<\/strong><\/p>\n<p><strong>ATILIM UNIVERSITY<\/strong><\/p>\n<p><strong>AVRASYA UNIVERSITY<\/strong><\/p>\n<p><strong>BAH\u00c7E\u015eEH\u0130R UNIVERSITY<\/strong><\/p>\n<p><strong>BALIKES\u0130R UNIVERSITY<\/strong><\/p>\n<p><strong>BARTIN UNIVERSITY<\/strong><\/p>\n<p><strong>BA\u015eKENT UNIVERSITY<\/strong><\/p>\n<p><strong>BATMAN UNIVERSITY<\/strong><\/p>\n<p><strong>BAYBURT UNIVERSITY<\/strong><\/p>\n<p><strong>B\u0130NG\u00d6L UNIVERSITY<\/strong><\/p>\n<p><strong>B\u0130TL\u0130S EREN UNIVERSITY<\/strong><\/p>\n<p><strong>BURDUR MEHMET AK\u0130F ERSOY UNIVERSITY<\/strong><\/p>\n<p><strong>BURSA TECHNICAL UNIVERSITY<\/strong><\/p>\n<p><strong>\u00c7ANKAYA UNIVERSITY<\/strong><\/p>\n<p><strong>\u00c7ANKIRI KARATEK\u0130N UNIVERSITY<\/strong><\/p>\n<p><strong>DEM\u0130RO\u011eLU SCIENCE UNIVERSITY<\/strong><\/p>\n<p><strong>DO\u011eU\u015e UNIVERSITY<\/strong><\/p>\n<p><strong>ERC\u0130YES UNIVERSITY<\/strong><\/p>\n<p><strong>ERZ\u0130NCAN B\u0130NAL\u0130 YILDIRIM UNIVERSITY<\/strong><\/p>\n<p><strong>ESK\u0130\u015eEH\u0130R OSMANGAZ\u0130 UNIVERSITY<\/strong><\/p>\n<p><strong>GEBZE TEKN\u0130K UNIVERSITY<\/strong><\/p>\n<p><strong>G\u0130RESUN UNIVERSITY<\/strong><\/p>\n<p><strong>G\u00dcM\u00dc\u015eHANE UNIVERSITY<\/strong><\/p>\n<p><strong>HAKKAR\u0130 UNIVERSITY<\/strong><\/p>\n<p><strong>HAL\u0130\u00c7 UNIVERSITY<\/strong><\/p>\n<p><strong>HASAN KALYONCU UNIVERSITY<\/strong><\/p>\n<p><strong>HATAY MUSTAFA KEMAL UNIVERSITY<\/strong><\/p>\n<p><strong>H\u0130T\u0130T UNIVERSITY<\/strong><\/p>\n<p><strong>I\u011eDIR UNIVERSITY<\/strong><\/p>\n<p><strong>\u0130SKENDERUN TEKN\u0130K UNIVERSITY<\/strong><\/p>\n<p><strong>\u0130STANBUL AREL UNIVERSITY<\/strong><\/p>\n<p><strong>\u0130STANBUL B\u0130LG\u0130 UNIVERSITY<\/strong><\/p>\n<p><strong>\u0130STANBUL RUMEL\u0130 UNIVERSITY<\/strong><\/p>\n<p><strong>\u0130ZM\u0130R KAVRAM VOCATIONAL SCHOOL<\/strong><\/p>\n<p><strong>KARAB\u00dcK UNIVERSITY<\/strong><\/p>\n<p><strong>KASTAMONU UNIVERSITY<\/strong><\/p>\n<p><strong>KAT\u0130P \u00c7ELEB\u0130 UNIVERSITY<\/strong><\/p>\n<p><strong>KILIS 7 ARALIK UNIVERSITY<\/strong><\/p>\n<p><strong>KIRIKKALE UNIVERSITY<\/strong><\/p>\n<p><strong>KONYA TEKN\u0130K UNIVERSITY<\/strong><\/p>\n<p><strong>KTO KARATAY UNIVERSITY<\/strong><\/p>\n<p><strong>MARD\u0130N ARTUKLU UNIVERSITY<\/strong><\/p>\n<p><strong>MERS\u0130N UNIVERSITY<\/strong><\/p>\n<p><strong>MUNZUR UNIVERSITY<\/strong><\/p>\n<p><strong>MU\u015e ALPARSLAN UNIVERSITY<\/strong><\/p>\n<p><strong>NEV\u015eEH\u0130R HACI BEKTA\u015e VEL\u0130 UNIVERSITY<\/strong><\/p>\n<p><strong>N\u0130\u011eDE \u00d6MER HAL\u0130S DEM\u0130R UNIVERSITY<\/strong><\/p>\n<p><strong>NUH NAC\u0130 YAZGAN DEM\u0130R UNIVERSITY<\/strong><\/p>\n<p><strong>OKAN UNIVERSITY<\/strong><\/p>\n<p><strong>ORDU UNIVERSITY<\/strong><\/p>\n<p><strong>OSMAN\u0130YE KORKUT ATA UNIVERSITY<\/strong><\/p>\n<p><strong>OSTIM TECHNICAL UNIVERSITY\u00a0<\/strong><\/p>\n<p><strong>\u00d6ZYE\u011e\u0130N UNIVERSITY<\/strong><\/p>\n<p><strong>P\u0130R\u0130 RE\u0130S UNIVERSITY<\/strong><\/p>\n<p><strong>RECEP TAYY\u0130P ERDO\u011eAN UNIVERSITY<\/strong><\/p>\n<p><strong>SA\u011eLIK B\u0130L\u0130MLER\u0130 UNIVERSITY<\/strong><\/p>\n<p><strong>SAKARYA APPLIED SCIENCES UNIVERSITY<\/strong><\/p>\n<p><strong>SEL\u00c7UK UNIVERSITY<\/strong><\/p>\n<p><strong>S\u00dcLEYMAN DEM\u0130REL UNIVERSITY<\/strong><\/p>\n<p><strong>TARSUS UNIVERSITY<\/strong><\/p>\n<p><strong>TOKAT GAZ\u0130OSMANPA\u015eA UNIVERSITY<\/strong><\/p>\n<p><strong>TOROS UNIVERSITY<\/strong><\/p>\n<p><strong>TURK-GERMAN UNIVERSITY<\/strong><\/p>\n<p><strong>U\u015eAK UNIVERSITY<\/strong><\/p>\n<p><strong>\u00dcSK\u00dcDAR UNIVERSITY<\/strong><\/p>\n<p><strong>YALOVA UNIVERSITY<\/strong><\/p>\n<p><strong>YOZGAT BOZOK UNIVERSITY<\/strong><\/p>\n<p><strong>Y\u00dcKSEK \u0130HT\u0130SAS UNIVERSITY<\/strong><\/p>\n\n\n<p><\/p>\n","protected":false},"excerpt":{"rendered":"<p>Universities in Turkey that accept the results of EGEYOS ADANA ALPARSLAN T\u00dcRKE\u015e SCIENCE AND TECHNOLOGY UNIVERSITY ADIYAMAN UNIVERSITY AFYON KOCATEPE UNIVERSITY A\u011eRI \u0130BRAH\u0130M \u00c7E\u00c7EN UNIVERSITY AMASYA UNIVERSITY ANKARA MUSIC AND FINE ARTS UNIVERSITY ANKARA YILDIRIM BEYAZIT UNIVERSITY ANTALYA AKEV UNIVERSITY ANTALYA B\u0130L\u0130M UNIVERSITY ARDAHAN UNIVERSITY ARTV\u0130N \u00c7ORUH UNIVERSITY ATA\u015eEH\u0130R ADIG\u00dcZEL VOCATIONAL SCHOOL ATILIM UNIVERSITY AVRASYA&hellip; <br \/> <a class=\"read-more\" href=\"https:\/\/yos.ege.edu.tr\/?page_id=447&#038;lang=en\">Devam\u0131<\/a><\/p>\n","protected":false},"author":1,"featured_media":0,"parent":0,"menu_order":0,"comment_status":"closed","ping_status":"closed","template":"","meta":{"footnotes":""},"class_list":["post-447","page","type-page","status-publish","hentry"],"_links":{"self":[{"href":"https:\/\/yos.ege.edu.tr\/index.php?rest_route=\/wp\/v2\/pages\/447","targetHints":{"allow":["GET"]}}],"collection":[{"href":"https:\/\/yos.ege.edu.tr\/index.php?rest_route=\/wp\/v2\/pages"}],"about":[{"href":"https:\/\/yos.ege.edu.tr\/index.php?rest_route=\/wp\/v2\/types\/page"}],"author":[{"embeddable":true,"href":"https:\/\/yos.ege.edu.tr\/index.php?rest_route=\/wp\/v2\/users\/1"}],"replies":[{"embeddable":true,"href":"https:\/\/yos.ege.edu.tr\/index.php?rest_route=%2Fwp%2Fv2%2Fcomments&post=447"}],"version-history":[{"count":6,"href":"https:\/\/yos.ege.edu.tr\/index.php?rest_route=\/wp\/v2\/pages\/447\/revisions"}],"predecessor-version":[{"id":1191,"href":"https:\/\/yos.ege.edu.tr\/index.php?rest_route=\/wp\/v2\/pages\/447\/revisions\/1191"}],"wp:attachment":[{"href":"https:\/\/yos.ege.edu.tr\/index.php?rest_route=%2Fwp%2Fv2%2Fmedia&parent=447"}],"curies":[{"name":"wp","href":"https:\/\/api.w.org\/{rel}","templated":true}]}}