{"id":450,"date":"2020-02-18T16:56:39","date_gmt":"2020-02-18T13:56:39","guid":{"rendered":"https:\/\/yos.ege.edu.tr\/?page_id=450"},"modified":"2023-11-23T18:50:11","modified_gmt":"2023-11-23T15:50:11","slug":"450-2","status":"publish","type":"page","link":"https:\/\/yos.ege.edu.tr\/?page_id=450&lang=en","title":{"rendered":""},"content":{"rendered":"\n<h2 class=\"wp-block-heading\"><strong>Exam Centers<\/strong><\/h2>\n\n\n\n<h4 class=\"wp-block-heading\">Izmir<\/h4>\n\n\n\n<figure class=\"wp-block-image size-large is-resized\"><a href=\"https:\/\/www.google.com\/maps\/place\/Ege+\u00dcniversitesi\/@38.4566013,27.2247843,16z\/data=!4m5!3m4!1s0x14b97cd613b60187:0x92f60c749816beea!8m2!3d38.4573407!4d27.2283034\" target=\"_blank\" rel=\"noopener\"><img loading=\"lazy\" decoding=\"async\" src=\"https:\/\/yos.ege.edu.tr\/wp-content\/uploads\/2020\/02\/ege.jpg\" alt=\"\" class=\"wp-image-282\" width=\"180\" height=\"171\" srcset=\"https:\/\/yos.ege.edu.tr\/wp-content\/uploads\/2020\/02\/ege.jpg 719w, https:\/\/yos.ege.edu.tr\/wp-content\/uploads\/2020\/02\/ege-300x286.jpg 300w\" sizes=\"auto, (max-width: 180px) 100vw, 180px\" \/><\/a><\/figure>\n\n\n\n<h4 class=\"wp-block-heading\">Istanbul<\/h4>\n\n\n\n<figure class=\"wp-block-image size-full is-resized\"><a href=\"https:\/\/www.google.com\/maps\/place\/Mimar+Sinan+G\u00fczel+Sanatlar+\u00dcniversitesi+Bomonti+Yerle\u015fkesi\/@41.0578882,28.9796894,19.25z\/data=!4m6!3m5!1s0x14cab7176cb3ac1f:0xdd3bbc360e8c023f!8m2!3d41.0577921!4d28.9801296!16s%2Fg%2F11g9jj7yvs\" target=\"_blank\" rel=\"noopener\"><img loading=\"lazy\" decoding=\"async\" src=\"https:\/\/yos.ege.edu.tr\/wp-content\/uploads\/2020\/07\/cropped-cropped-mimarsinan-1-1.jpg\" alt=\"\" class=\"wp-image-1367\" width=\"183\" height=\"183\" srcset=\"https:\/\/yos.ege.edu.tr\/wp-content\/uploads\/2020\/07\/cropped-cropped-mimarsinan-1-1.jpg 637w, https:\/\/yos.ege.edu.tr\/wp-content\/uploads\/2020\/07\/cropped-cropped-mimarsinan-1-1-300x300.jpg 300w, https:\/\/yos.ege.edu.tr\/wp-content\/uploads\/2020\/07\/cropped-cropped-mimarsinan-1-1-150x150.jpg 150w\" sizes=\"auto, (max-width: 183px) 100vw, 183px\" \/><\/a><\/figure>\n\n\n\n<h4 class=\"wp-block-heading\">Ankara<\/h4>\n\n\n\n<figure class=\"wp-block-image size-full is-resized\"><a href=\"https:\/\/www.google.com\/maps\/place\/Ankara+Hac\u0131+Bayram+Veli+\u00dcniversitesi+\u0130ktisadi+ve+\u0130dari+Bilimler+Fak\u00fcltesi\/@39.9341828,32.814216,14.25z\/data=!4m14!1m7!3m6!1s0x14d34edc2b2cabe9:0xd815a55084299211!2sAnkara+Hac\u0131+Bayram+Veli+\u00dcniversitesi+\u0130ktisadi+ve+\u0130dari+Bilimler+Fak\u00fcltesi!8m2!3d39.9344087!4d32.8275426!16s%2Fg%2F121_jrzh!3m5!1s0x14d34edc2b2cabe9:0xd815a55084299211!8m2!3d39.9344087!4d32.8275426!16s%2Fg%2F121_jrzh?entry=ttu\" target=\"_blank\" rel=\"noopener\"><img loading=\"lazy\" decoding=\"async\" src=\"https:\/\/yos.ege.edu.tr\/wp-content\/uploads\/2023\/11\/hbviibf-2.png\" alt=\"\" class=\"wp-image-1569\" width=\"185\" height=\"195\" srcset=\"https:\/\/yos.ege.edu.tr\/wp-content\/uploads\/2023\/11\/hbviibf-2.png 643w, https:\/\/yos.ege.edu.tr\/wp-content\/uploads\/2023\/11\/hbviibf-2-285x300.png 285w\" sizes=\"auto, (max-width: 185px) 100vw, 185px\" \/><\/a><\/figure>\n\n\n\n<h4 class=\"wp-block-heading\">Baku<\/h4>\n\n\n\n<figure class=\"wp-block-image size-full is-resized\"><a href=\"https:\/\/www.google.com\/maps\/place\/Baku+Turkish+Anatolian+High+School\/@40.3804688,49.8342676,15.5z\/data=!4m6!3m5!1s0x40307da276e9b68f:0x934ed5af6be62398!8m2!3d40.3809658!4d49.8341658!16s%2Fg%2F1tcwpmlw\" target=\"_blank\" rel=\"noopener\"><img loading=\"lazy\" decoding=\"async\" src=\"https:\/\/yos.ege.edu.tr\/wp-content\/uploads\/2023\/05\/baku-turk-anadolu-3.png\" alt=\"\" class=\"wp-image-1442\" width=\"182\" height=\"178\" srcset=\"https:\/\/yos.ege.edu.tr\/wp-content\/uploads\/2023\/05\/baku-turk-anadolu-3.png 754w, https:\/\/yos.ege.edu.tr\/wp-content\/uploads\/2023\/05\/baku-turk-anadolu-3-300x293.png 300w\" sizes=\"auto, (max-width: 182px) 100vw, 182px\" \/><\/a><\/figure>\n\n\n\n<p><strong>Ganja<\/strong><\/p>\n\n\n\n<figure class=\"wp-block-image size-full is-resized is-style-default\"><a href=\"https:\/\/www.google.com\/maps\/place\/Az%C9%99rbaycan+D%C3%B6vl%C9%99t+Aqrar+Universiteti+M%C3%BCh%C9%99ndislik+Fak%C3%BClt%C9%99si\/@40.6729841,46.3329694,14z\/data=!4m6!3m5!1s0x403f5101f8d47c97:0x679691f91b3b5a61!8m2!3d40.669521!4d46.3460407!16s%2Fg%2F1tsjc49d?hl=az&amp;entry=ttu\"><img loading=\"lazy\" decoding=\"async\" src=\"https:\/\/yos.ege.edu.tr\/wp-content\/uploads\/2023\/11\/gence-3.png\" alt=\"\" class=\"wp-image-1568\" width=\"182\" height=\"169\" srcset=\"https:\/\/yos.ege.edu.tr\/wp-content\/uploads\/2023\/11\/gence-3.png 814w, https:\/\/yos.ege.edu.tr\/wp-content\/uploads\/2023\/11\/gence-3-300x278.png 300w, https:\/\/yos.ege.edu.tr\/wp-content\/uploads\/2023\/11\/gence-3-768x712.png 768w\" sizes=\"auto, (max-width: 182px) 100vw, 182px\" \/><\/a><\/figure>\n\n\n\n<p><strong>Nicosia<\/strong><\/p>\n\n\n\n<figure class=\"wp-block-image size-full is-resized is-style-default\"><a href=\"https:\/\/www.google.com\/maps\/place\/20+Temmuz+High+School\/@35.1782004,33.346006,14z\/data=!4m14!1m7!3m6!1s0x14de17378ab0c3df:0xc7b44b47d45b2b92!2s20+Temmuz+High+School!8m2!3d35.1840694!4d33.3600119!16s%2Fg%2F121k3nb1!3m5!1s0x14de17378ab0c3df:0xc7b44b47d45b2b92!8m2!3d35.1840694!4d33.3600119!16s%2Fg%2F121k3nb1?entry=ttu\"><img loading=\"lazy\" decoding=\"async\" src=\"https:\/\/yos.ege.edu.tr\/wp-content\/uploads\/2023\/11\/kibris-2.png\" alt=\"\" class=\"wp-image-1570\" width=\"182\" height=\"171\" srcset=\"https:\/\/yos.ege.edu.tr\/wp-content\/uploads\/2023\/11\/kibris-2.png 786w, https:\/\/yos.ege.edu.tr\/wp-content\/uploads\/2023\/11\/kibris-2-300x282.png 300w, https:\/\/yos.ege.edu.tr\/wp-content\/uploads\/2023\/11\/kibris-2-768x723.png 768w\" sizes=\"auto, (max-width: 182px) 100vw, 182px\" \/><\/a><\/figure>\n\n\n\n<p><strong>Tashkent<\/strong><\/p>\n\n\n\n<figure class=\"wp-block-image size-full is-resized is-style-default\"><a href=\"https:\/\/www.google.com\/maps\/place\/Tashkent+State+Transport+University\/@41.272709,69.2695256,14z\/data=!4m14!1m7!3m6!1s0x38ae8aac316ee659:0xc5be678c10cbba9b!2sTashkent+State+Transport+University!8m2!3d41.2772419!4d69.2820477!16s%2Fm%2F0gvspcj!3m5!1s0x38ae8aac316ee659:0xc5be678c10cbba9b!8m2!3d41.2772419!4d69.2820477!16s%2Fm%2F0gvspcj?entry=ttu\"><img loading=\"lazy\" decoding=\"async\" src=\"https:\/\/yos.ege.edu.tr\/wp-content\/uploads\/2023\/11\/tashkent-2.png\" alt=\"\" class=\"wp-image-1571\" width=\"181\" height=\"166\" srcset=\"https:\/\/yos.ege.edu.tr\/wp-content\/uploads\/2023\/11\/tashkent-2.png 759w, https:\/\/yos.ege.edu.tr\/wp-content\/uploads\/2023\/11\/tashkent-2-300x275.png 300w\" sizes=\"auto, (max-width: 181px) 100vw, 181px\" \/><\/a><\/figure>\n\n\n\n<p><strong>Hensies<\/strong><\/p>\n\n\n\n<figure class=\"wp-block-image size-full is-resized is-style-default\"><a href=\"https:\/\/www.google.com\/maps\/place\/Isia+Asbl+Institut+Avicenne\/@50.4557922,3.6442058,13z\/data=!4m14!1m7!3m6!1s0x47c2f9f911b6d9ad:0x749484d2edb9c0ad!2sIsia+Asbl+Institut+Avicenne!8m2!3d50.451112!4d3.6838156!16s%2Fg%2F1tmxvrj8!3m5!1s0x47c2f9f911b6d9ad:0x749484d2edb9c0ad!8m2!3d50.451112!4d3.6838156!16s%2Fg%2F1tmxvrj8?entry=ttu\"><img loading=\"lazy\" decoding=\"async\" src=\"https:\/\/yos.ege.edu.tr\/wp-content\/uploads\/2023\/11\/belcika-2.png\" alt=\"\" class=\"wp-image-1572\" width=\"175\" height=\"170\" srcset=\"https:\/\/yos.ege.edu.tr\/wp-content\/uploads\/2023\/11\/belcika-2.png 670w, https:\/\/yos.ege.edu.tr\/wp-content\/uploads\/2023\/11\/belcika-2-300x292.png 300w\" sizes=\"auto, (max-width: 175px) 100vw, 175px\" \/><\/a><\/figure>\n","protected":false},"excerpt":{"rendered":"<p>Exam Centers Izmir Istanbul Ankara Baku Ganja Nicosia Tashkent Hensies<\/p>\n","protected":false},"author":1,"featured_media":0,"parent":0,"menu_order":0,"comment_status":"closed","ping_status":"closed","template":"","meta":{"footnotes":""},"class_list":["post-450","page","type-page","status-publish","hentry"],"_links":{"self":[{"href":"https:\/\/yos.ege.edu.tr\/index.php?rest_route=\/wp\/v2\/pages\/450","targetHints":{"allow":["GET"]}}],"collection":[{"href":"https:\/\/yos.ege.edu.tr\/index.php?rest_route=\/wp\/v2\/pages"}],"about":[{"href":"https:\/\/yos.ege.edu.tr\/index.php?rest_route=\/wp\/v2\/types\/page"}],"author":[{"embeddable":true,"href":"https:\/\/yos.ege.edu.tr\/index.php?rest_route=\/wp\/v2\/users\/1"}],"replies":[{"embeddable":true,"href":"https:\/\/yos.ege.edu.tr\/index.php?rest_route=%2Fwp%2Fv2%2Fcomments&post=450"}],"version-history":[{"count":19,"href":"https:\/\/yos.ege.edu.tr\/index.php?rest_route=\/wp\/v2\/pages\/450\/revisions"}],"predecessor-version":[{"id":1573,"href":"https:\/\/yos.ege.edu.tr\/index.php?rest_route=\/wp\/v2\/pages\/450\/revisions\/1573"}],"wp:attachment":[{"href":"https:\/\/yos.ege.edu.tr\/index.php?rest_route=%2Fwp%2Fv2%2Fmedia&parent=450"}],"curies":[{"name":"wp","href":"https:\/\/api.w.org\/{rel}","templated":true}]}}