{"id":454,"date":"2020-02-18T17:00:31","date_gmt":"2020-02-18T14:00:31","guid":{"rendered":"https:\/\/yos.ege.edu.tr\/?page_id=454"},"modified":"2023-11-12T22:34:30","modified_gmt":"2023-11-12T19:34:30","slug":"454-2","status":"publish","type":"page","link":"https:\/\/yos.ege.edu.tr\/?page_id=454&lang=en","title":{"rendered":""},"content":{"rendered":"<p><!--StartFragment--><\/p>\n\n\n<h2 class=\"has-text-align-center wp-block-heading\"><strong>EXAM FEES ACCORDING TO EXAM CENTERS<\/strong><\/h2>\n\n\n\n<figure class=\"wp-block-table is-style-stripes\"><table><tbody><tr><td class=\"has-text-align-center\" data-align=\"center\"><strong>T\u00fcrkiye\/TRNC<\/strong><\/td><td class=\"has-text-align-center\" data-align=\"center\">                             <strong>Azerbaijan\/Uzbekistan<\/strong><\/td><td class=\"has-text-align-center\" data-align=\"center\">           <strong>Germany\/Belgium\/Netherlands <\/strong>\u00a0\u00a0\u00a0\u00a0\u00a0\u00a0\u00a0\u00a0\u00a0\u00a0\u00a0\u00a0\u00a0\u00a0\u00a0\u00a0\u00a0\u00a0\u00a0\u00a0\u00a0\u00a0\u00a0\u00a0\u00a0\u00a0\u00a0<\/td><\/tr><tr><td class=\"has-text-align-center\" data-align=\"center\"><strong>1.800 TL<\/strong><\/td><td class=\"has-text-align-center\" data-align=\"center\">                  <strong>100 $<\/strong><\/td><td class=\"has-text-align-center\" data-align=\"center\"><strong>100 \u20ac<\/strong><\/td><\/tr><\/tbody><\/table><\/figure>\n\n\n\n<h2 class=\"has-text-align-center wp-block-heading\"><strong>BANK ACCOUNTS INFORMATION FOR EXAM FEES PAYMENTS<\/strong><\/h2>\n\n\n\n<p><strong>Turkish Lira (TL) Account<\/strong><\/p>\n\n\n\n<figure class=\"wp-block-table\"><table><tbody><tr><td>\n  <strong>Bank Name<\/strong>\n  <\/td><td>   T.C. Ziraat Bankas\u0131   <\/td><\/tr><tr><td>\n  <strong>Branch\/Code<\/strong>\n  <\/td><td>   EGE T\u0131p \/ \u0130zmir 1446   <\/td><\/tr><tr><td>\n  <strong>Account Holder<\/strong>\n  <\/td><td>\n  E.\u00dc.STRATEJ\u0130\n  GEL\u0130\u015eT\u0130RME D.B\u015eK \u2013 EGEY\u00d6S TL\n  <\/td><\/tr><tr><td>\n  <strong>Account No<\/strong>\n  <\/td><td>\n  38710332-5553&nbsp;\n  \n  <\/td><\/tr><tr><td>\n  <strong>IBAN No<\/strong>\n  <\/td><td>\n  TR48 0001 0014 4638 7103 3255 53\n  <\/td><\/tr><tr><td>\n  <strong>Swift Code<\/strong>\n  <\/td><td>\n  TCZBTR2A&nbsp;&nbsp;&nbsp; <strong><\/strong>\n  <\/td><\/tr><\/tbody><\/table><\/figure>\n\n\n\n<p><\/p>\n\n\n\n<p><strong>USD ($) Account<\/strong><\/p>\n\n\n\n<figure class=\"wp-block-table\"><table><tbody><tr><td>\n  <strong>Bank Name<\/strong>\n  <\/td><td>   T.C. Ziraat Bankas\u0131   <\/td><\/tr><tr><td>\n  <strong>Branch\/Code<\/strong>\n  <\/td><td>   EGE T\u0131p \/ \u0130zmir 1446   <\/td><\/tr><tr><td>\n  <strong>Account Holder<\/strong>\n  <\/td><td>   E.\u00dc.STRATEJ\u0130   GEL\u0130\u015eT\u0130RME D.B\u015eK \u2013 EGEY\u00d6S USD  <\/td><\/tr><tr><td>\n  <strong>Account No<\/strong>\n  <\/td><td>   38710332-5554&nbsp;      <\/td><\/tr><tr><td>\n  <strong>IBAN No<\/strong>\n  <\/td><td>   TR21 0001 0014 4638 7103 3255 54   <\/td><\/tr><tr><td>\n  <strong>Swift Code<\/strong>\n  <\/td><td>\n  TCZBTR2A&nbsp;&nbsp;&nbsp; <strong><\/strong>\n  <\/td><\/tr><\/tbody><\/table><\/figure>\n\n\n\n<p><strong>EURO Account<\/strong><\/p>\n\n\n\n<figure class=\"wp-block-table\"><table><tbody><tr><td><strong>Bank Name<\/strong><\/td><td>T.C. Ziraat Bankas\u0131<\/td><\/tr><tr><td><strong>Branch\/Code<\/strong><\/td><td>EGE T\u0131p \/ \u0130zmir 1446<\/td><\/tr><tr><td><strong>Account Holder<\/strong><\/td><td>E.\u00dc.STRATEJ\u0130 GEL\u0130\u015eT\u0130RME D.B\u015eK \u2013 EGEY\u00d6S USD<\/td><\/tr><tr><td><strong>Account No<\/strong><\/td><td>638710332-5555<\/td><\/tr><tr><td><strong>IBAN No<\/strong><\/td><td>TR91 0001 0014 4638 7103 3255 55<\/td><\/tr><tr><td><strong>Swift Code<\/strong><\/td><td>TCZBTR2A&nbsp;<\/td><\/tr><\/tbody><\/table><\/figure>\n\n\n\n<p><strong><em>Attention! <\/em><\/strong><em>If the number of candidates is less than 30, the examination center will not be opened. In case the exam center is not opened, the candidate may choose to take the exam in another exam center. Candidates who do not choose another exam center will be refunded.<\/em><\/p>\n\n\n<p><!--EndFragment--><\/p>","protected":false},"excerpt":{"rendered":"<p>EXAM FEES ACCORDING TO EXAM CENTERS T\u00fcrkiye\/TRNC Azerbaijan\/Uzbekistan Germany\/Belgium\/Netherlands \u00a0\u00a0\u00a0\u00a0\u00a0\u00a0\u00a0\u00a0\u00a0\u00a0\u00a0\u00a0\u00a0\u00a0\u00a0\u00a0\u00a0\u00a0\u00a0\u00a0\u00a0\u00a0\u00a0\u00a0\u00a0\u00a0\u00a0 1.800 TL 100 $ 100 \u20ac BANK ACCOUNTS INFORMATION FOR EXAM FEES PAYMENTS Turkish Lira (TL) Account Bank Name T.C. Ziraat Bankas\u0131 Branch\/Code EGE T\u0131p \/ \u0130zmir 1446 Account Holder E.\u00dc.STRATEJ\u0130 GEL\u0130\u015eT\u0130RME D.B\u015eK \u2013 EGEY\u00d6S TL Account No 38710332-5553&nbsp; IBAN No TR48 0001 0014 4638&hellip; <br \/> <a class=\"read-more\" href=\"https:\/\/yos.ege.edu.tr\/?page_id=454&#038;lang=en\">Devam\u0131<\/a><\/p>\n","protected":false},"author":1,"featured_media":0,"parent":0,"menu_order":0,"comment_status":"closed","ping_status":"closed","template":"","meta":{"footnotes":""},"class_list":["post-454","page","type-page","status-publish","hentry"],"_links":{"self":[{"href":"https:\/\/yos.ege.edu.tr\/index.php?rest_route=\/wp\/v2\/pages\/454","targetHints":{"allow":["GET"]}}],"collection":[{"href":"https:\/\/yos.ege.edu.tr\/index.php?rest_route=\/wp\/v2\/pages"}],"about":[{"href":"https:\/\/yos.ege.edu.tr\/index.php?rest_route=\/wp\/v2\/types\/page"}],"author":[{"embeddable":true,"href":"https:\/\/yos.ege.edu.tr\/index.php?rest_route=\/wp\/v2\/users\/1"}],"replies":[{"embeddable":true,"href":"https:\/\/yos.ege.edu.tr\/index.php?rest_route=%2Fwp%2Fv2%2Fcomments&post=454"}],"version-history":[{"count":11,"href":"https:\/\/yos.ege.edu.tr\/index.php?rest_route=\/wp\/v2\/pages\/454\/revisions"}],"predecessor-version":[{"id":1528,"href":"https:\/\/yos.ege.edu.tr\/index.php?rest_route=\/wp\/v2\/pages\/454\/revisions\/1528"}],"wp:attachment":[{"href":"https:\/\/yos.ege.edu.tr\/index.php?rest_route=%2Fwp%2Fv2%2Fmedia&parent=454"}],"curies":[{"name":"wp","href":"https:\/\/api.w.org\/{rel}","templated":true}]}}