{"id":554,"date":"2020-02-18T18:59:02","date_gmt":"2020-02-18T15:59:02","guid":{"rendered":"https:\/\/yos.ege.edu.tr\/?page_id=554"},"modified":"2022-02-17T22:53:04","modified_gmt":"2022-02-17T19:53:04","slug":"554-2","status":"publish","type":"page","link":"https:\/\/yos.ege.edu.tr\/?page_id=554","title":{"rendered":""},"content":{"rendered":"\n<h2 class=\"wp-block-heading\">S\u0131nava Giri\u015f Belgesi<\/h2>\n\n\n\n<p>S\u0131nava giri\u015f belgelerine  3 Haziran 2022 Cuma g\u00fcn\u00fcnden itibaren eri\u015filecektir.<\/p>\n\n\n\n<p>Giri\u015f belgelerinizi &#8220;ais.ege.edu.tr&#8221; adresi \u00fczerinden alabilirsiniz.<br><a href=\"http:\/\/ais.ege.edu.tr\">Giri\u015f belgenize ula\u015fmak i\u00e7in l\u00fctfen t\u0131klay\u0131n\u0131z.<\/a><\/p>\n","protected":false},"excerpt":{"rendered":"<p>S\u0131nava Giri\u015f Belgesi S\u0131nava giri\u015f belgelerine 3 Haziran 2022 Cuma g\u00fcn\u00fcnden itibaren eri\u015filecektir. Giri\u015f belgelerinizi &#8220;ais.ege.edu.tr&#8221; adresi \u00fczerinden alabilirsiniz.Giri\u015f belgenize ula\u015fmak i\u00e7in l\u00fctfen t\u0131klay\u0131n\u0131z.<\/p>\n","protected":false},"author":1,"featured_media":0,"parent":0,"menu_order":0,"comment_status":"closed","ping_status":"closed","template":"","meta":{"footnotes":""},"class_list":["post-554","page","type-page","status-publish","hentry"],"_links":{"self":[{"href":"https:\/\/yos.ege.edu.tr\/index.php?rest_route=\/wp\/v2\/pages\/554","targetHints":{"allow":["GET"]}}],"collection":[{"href":"https:\/\/yos.ege.edu.tr\/index.php?rest_route=\/wp\/v2\/pages"}],"about":[{"href":"https:\/\/yos.ege.edu.tr\/index.php?rest_route=\/wp\/v2\/types\/page"}],"author":[{"embeddable":true,"href":"https:\/\/yos.ege.edu.tr\/index.php?rest_route=\/wp\/v2\/users\/1"}],"replies":[{"embeddable":true,"href":"https:\/\/yos.ege.edu.tr\/index.php?rest_route=%2Fwp%2Fv2%2Fcomments&post=554"}],"version-history":[{"count":10,"href":"https:\/\/yos.ege.edu.tr\/index.php?rest_route=\/wp\/v2\/pages\/554\/revisions"}],"predecessor-version":[{"id":1023,"href":"https:\/\/yos.ege.edu.tr\/index.php?rest_route=\/wp\/v2\/pages\/554\/revisions\/1023"}],"wp:attachment":[{"href":"https:\/\/yos.ege.edu.tr\/index.php?rest_route=%2Fwp%2Fv2%2Fmedia&parent=554"}],"curies":[{"name":"wp","href":"https:\/\/api.w.org\/{rel}","templated":true}]}}