{"id":560,"date":"2020-02-18T19:02:12","date_gmt":"2020-02-18T16:02:12","guid":{"rendered":"https:\/\/yos.ege.edu.tr\/?page_id=560"},"modified":"2021-07-04T18:35:58","modified_gmt":"2021-07-04T15:35:58","slug":"560-2","status":"publish","type":"page","link":"https:\/\/yos.ege.edu.tr\/?page_id=560","title":{"rendered":""},"content":{"rendered":"\n<h2 class=\"wp-block-heading\">S\u0131nav Sonu\u00e7 Belgesi<\/h2>\n\n\n\n<p>S\u0131nav sonu\u00e7 belgelerine <a href=\"http:\/\/ais.ege.edu.tr\">ais.ege.edu.tr<\/a> adresinden ula\u015fabilirsiniz.<\/p>\n","protected":false},"excerpt":{"rendered":"<p>S\u0131nav Sonu\u00e7 Belgesi S\u0131nav sonu\u00e7 belgelerine ais.ege.edu.tr adresinden ula\u015fabilirsiniz.<\/p>\n","protected":false},"author":1,"featured_media":0,"parent":0,"menu_order":0,"comment_status":"closed","ping_status":"closed","template":"","meta":{"footnotes":""},"class_list":["post-560","page","type-page","status-publish","hentry"],"_links":{"self":[{"href":"https:\/\/yos.ege.edu.tr\/index.php?rest_route=\/wp\/v2\/pages\/560","targetHints":{"allow":["GET"]}}],"collection":[{"href":"https:\/\/yos.ege.edu.tr\/index.php?rest_route=\/wp\/v2\/pages"}],"about":[{"href":"https:\/\/yos.ege.edu.tr\/index.php?rest_route=\/wp\/v2\/types\/page"}],"author":[{"embeddable":true,"href":"https:\/\/yos.ege.edu.tr\/index.php?rest_route=\/wp\/v2\/users\/1"}],"replies":[{"embeddable":true,"href":"https:\/\/yos.ege.edu.tr\/index.php?rest_route=%2Fwp%2Fv2%2Fcomments&post=560"}],"version-history":[{"count":4,"href":"https:\/\/yos.ege.edu.tr\/index.php?rest_route=\/wp\/v2\/pages\/560\/revisions"}],"predecessor-version":[{"id":963,"href":"https:\/\/yos.ege.edu.tr\/index.php?rest_route=\/wp\/v2\/pages\/560\/revisions\/963"}],"wp:attachment":[{"href":"https:\/\/yos.ege.edu.tr\/index.php?rest_route=%2Fwp%2Fv2%2Fmedia&parent=560"}],"curies":[{"name":"wp","href":"https:\/\/api.w.org\/{rel}","templated":true}]}}