{"id":611,"date":"2020-02-25T17:29:38","date_gmt":"2020-02-25T14:29:38","guid":{"rendered":"https:\/\/yos.ege.edu.tr\/?page_id=611"},"modified":"2023-11-06T16:07:26","modified_gmt":"2023-11-06T13:07:26","slug":"611-2","status":"publish","type":"page","link":"https:\/\/yos.ege.edu.tr\/?page_id=611","title":{"rendered":""},"content":{"rendered":"\n<h2 class=\"wp-block-heading\">EGE \u00dcN\u0130VERS\u0130TES\u0130 YURTDI\u015eINDAN \u00d6\u011eRENC\u0130 KABUL KONTENJANLARI<\/h2>\n\n\n\n<p>EGEY\u00d6S 2024 kontenjanlar\u0131 i\u00e7in <a rel=\"noreferrer noopener\" href=\"https:\/\/oidb.ege.edu.tr\" target=\"_blank\">t\u0131klay\u0131n\u0131z<\/a>.<\/p>\n","protected":false},"excerpt":{"rendered":"<p>EGE \u00dcN\u0130VERS\u0130TES\u0130 YURTDI\u015eINDAN \u00d6\u011eRENC\u0130 KABUL KONTENJANLARI EGEY\u00d6S 2024 kontenjanlar\u0131 i\u00e7in t\u0131klay\u0131n\u0131z.<\/p>\n","protected":false},"author":1,"featured_media":0,"parent":0,"menu_order":0,"comment_status":"closed","ping_status":"closed","template":"","meta":{"footnotes":""},"class_list":["post-611","page","type-page","status-publish","hentry"],"_links":{"self":[{"href":"https:\/\/yos.ege.edu.tr\/index.php?rest_route=\/wp\/v2\/pages\/611","targetHints":{"allow":["GET"]}}],"collection":[{"href":"https:\/\/yos.ege.edu.tr\/index.php?rest_route=\/wp\/v2\/pages"}],"about":[{"href":"https:\/\/yos.ege.edu.tr\/index.php?rest_route=\/wp\/v2\/types\/page"}],"author":[{"embeddable":true,"href":"https:\/\/yos.ege.edu.tr\/index.php?rest_route=\/wp\/v2\/users\/1"}],"replies":[{"embeddable":true,"href":"https:\/\/yos.ege.edu.tr\/index.php?rest_route=%2Fwp%2Fv2%2Fcomments&post=611"}],"version-history":[{"count":18,"href":"https:\/\/yos.ege.edu.tr\/index.php?rest_route=\/wp\/v2\/pages\/611\/revisions"}],"predecessor-version":[{"id":1506,"href":"https:\/\/yos.ege.edu.tr\/index.php?rest_route=\/wp\/v2\/pages\/611\/revisions\/1506"}],"wp:attachment":[{"href":"https:\/\/yos.ege.edu.tr\/index.php?rest_route=%2Fwp%2Fv2%2Fmedia&parent=611"}],"curies":[{"name":"wp","href":"https:\/\/api.w.org\/{rel}","templated":true}]}}